{"id":151,"date":"2024-07-10T07:14:01","date_gmt":"2024-07-10T07:14:01","guid":{"rendered":"http:\/\/buss.ase.ro\/?page_id=151"},"modified":"2024-07-10T07:33:18","modified_gmt":"2024-07-10T07:33:18","slug":"curricula-2024-2026","status":"publish","type":"page","link":"http:\/\/buss.ase.ro\/index.php\/curricula\/curricula-2024-2026\/","title":{"rendered":"Curricula 2024-2026"},"content":{"rendered":"<div id=\"pl-151\"  class=\"panel-layout\" ><div id=\"pg-151-0\"  class=\"panel-grid panel-no-style\" ><div id=\"pgc-151-0-0\"  class=\"panel-grid-cell\" ><div id=\"panel-151-0-0-0\" class=\"so-panel widget widget_sow-editor panel-first-child panel-last-child\" data-index=\"0\" ><div\n\t\t\t\n\t\t\tclass=\"so-widget-sow-editor so-widget-sow-editor-base\"\n\t\t\t\n\t\t>\n<div class=\"siteorigin-widget-tinymce textwidget\">\n\t<p><strong>Facultatea:<\/strong>\u00a0Business \u0219i Turism<\/p>\n<p><strong>Domeniul:<\/strong>\u00a0Administrarea Afacerilor<\/p>\n<p><strong>Programul de masterat:<\/strong>\u00a0Business<\/p>\n<p><strong>Durata programului de masterat:<\/strong>\u00a02 ani<\/p>\n<p><strong>Forma de \u00eenv\u0103\u021b\u0103m\u00e2nt:<\/strong>\u00a0CU FRECVEN\u021a\u0102<\/p>\n<p><strong>Promo\u021bia:<\/strong> 2024 - 2026<\/p>\n<\/div>\n<\/div><\/div><\/div><div id=\"pgc-151-0-1\"  class=\"panel-grid-cell\" ><div id=\"panel-151-0-1-0\" class=\"so-panel widget widget_sow-editor panel-first-child panel-last-child\" data-index=\"1\" ><div\n\t\t\t\n\t\t\tclass=\"so-widget-sow-editor so-widget-sow-editor-base\"\n\t\t\t\n\t\t>\n<div class=\"siteorigin-widget-tinymce textwidget\">\n\t<h4 style=\"text-align: center;\">PLAN DE \u00ceNV\u0102\u021a\u0102M\u00c2NT - ANUL I<\/h4>\n<hr \/>\n<h5 style=\"text-align: center;\"><a href=\"http:\/\/buss.ase.ro\/wp-content\/uploads\/BUSS_Plan-Invatamant-I_24-26.pdf\" target=\"_blank\" rel=\"noopener\">Anul de studiu I<\/a><\/h5>\n<\/div>\n<\/div><\/div><\/div><div id=\"pgc-151-0-2\"  class=\"panel-grid-cell\" ><div id=\"panel-151-0-2-0\" class=\"so-panel widget widget_sow-editor panel-first-child panel-last-child\" data-index=\"2\" ><div\n\t\t\t\n\t\t\tclass=\"so-widget-sow-editor so-widget-sow-editor-base\"\n\t\t\t\n\t\t>\n<div class=\"siteorigin-widget-tinymce textwidget\">\n\t<h4 style=\"text-align: center;\">PLAN DE \u00ceNV\u0102\u021a\u0102M\u00c2NT - ANUL II<\/h4>\n<hr \/>\n<h5 style=\"text-align: center;\"><a href=\"http:\/\/buss.ase.ro\/wp-content\/uploads\/BUSS_Plan-Invatamant-II_24-26.pdf\" target=\"_blank\" rel=\"noopener\">Anul de studiu II<\/a><\/h5>\n<\/div>\n<\/div><\/div><\/div><\/div><\/div>","protected":false},"excerpt":{"rendered":"<p>Facultatea:\u00a0Business \u0219i Turism Domeniul:\u00a0Administrarea Afacerilor Programul de masterat:\u00a0Business Durata programului de masterat:\u00a02 ani Forma de \u00eenv\u0103\u021b\u0103m\u00e2nt:\u00a0CU FRECVEN\u021a\u0102 Promo\u021bia: 2024 &#8211; 2026 PLAN DE \u00ceNV\u0102\u021a\u0102M\u00c2NT &#8211; ANUL I Anul de studiu I PLAN DE \u00ceNV\u0102\u021a\u0102M\u00c2NT &#8211; ANUL II Anul de studiu<\/p>\n","protected":false},"author":1,"featured_media":0,"parent":35,"menu_order":0,"comment_status":"closed","ping_status":"closed","template":"","meta":{"footnotes":""},"class_list":["post-151","page","type-page","status-publish","hentry"],"_links":{"self":[{"href":"http:\/\/buss.ase.ro\/index.php\/wp-json\/wp\/v2\/pages\/151","targetHints":{"allow":["GET"]}}],"collection":[{"href":"http:\/\/buss.ase.ro\/index.php\/wp-json\/wp\/v2\/pages"}],"about":[{"href":"http:\/\/buss.ase.ro\/index.php\/wp-json\/wp\/v2\/types\/page"}],"author":[{"embeddable":true,"href":"http:\/\/buss.ase.ro\/index.php\/wp-json\/wp\/v2\/users\/1"}],"replies":[{"embeddable":true,"href":"http:\/\/buss.ase.ro\/index.php\/wp-json\/wp\/v2\/comments?post=151"}],"version-history":[{"count":17,"href":"http:\/\/buss.ase.ro\/index.php\/wp-json\/wp\/v2\/pages\/151\/revisions"}],"predecessor-version":[{"id":345,"href":"http:\/\/buss.ase.ro\/index.php\/wp-json\/wp\/v2\/pages\/151\/revisions\/345"}],"up":[{"embeddable":true,"href":"http:\/\/buss.ase.ro\/index.php\/wp-json\/wp\/v2\/pages\/35"}],"wp:attachment":[{"href":"http:\/\/buss.ase.ro\/index.php\/wp-json\/wp\/v2\/media?parent=151"}],"curies":[{"name":"wp","href":"https:\/\/api.w.org\/{rel}","templated":true}]}}