{"id":16,"date":"2018-07-11T15:42:25","date_gmt":"2018-07-11T15:42:25","guid":{"rendered":"http:\/\/buss.ase.ro\/?page_id=16"},"modified":"2020-07-14T12:06:55","modified_gmt":"2020-07-14T12:06:55","slug":"despre","status":"publish","type":"page","link":"https:\/\/buss.ase.ro\/index.php\/despre\/","title":{"rendered":"Despre"},"content":{"rendered":"<div id=\"pl-16\"  class=\"panel-layout\" ><div id=\"pg-16-0\"  class=\"panel-grid panel-no-style\" ><div id=\"pgc-16-0-0\"  class=\"panel-grid-cell\" ><div id=\"panel-16-0-0-0\" class=\"so-panel widget widget_sow-editor panel-first-child panel-last-child\" data-index=\"0\" ><div\n\t\t\t\n\t\t\tclass=\"so-widget-sow-editor so-widget-sow-editor-base\"\n\t\t\t\n\t\t>\n<div class=\"siteorigin-widget-tinymce textwidget\">\n\t<h4 style=\"text-align: center;\"><span style=\"color: #000000;\"><strong>Programul de Masterat<\/strong><\/span><\/h4>\n<h4 style=\"text-align: center;\"><span style=\"color: #003399;\"><strong>Business<\/strong><\/span><\/h4>\n<blockquote>\n<p>Prin misiunea asumat\u0103 - Programul de masterat\u00a0\u00a0<strong>BUSINESS<\/strong> se concentreaz\u0103, ca arie tematic\u0103, pe discipline subsumate administr\u0103rii afacerilor. Menirea programului este aceea de a contribui la formarea \u015fi perfec\u0163ionarea resurselor umane \u00eenalt calificate \u00een domeniul administr\u0103rii afacerilor<em>,<\/em> programul se \u00eencadreaz\u0103 \u00een coordonatele misiunii generale a A.S.E., de a crea, valorifica \u015fi disemina cuno\u015ftin\u0163e, prin dezvoltarea unui mediu de cercetare \u015fi \u00eenv\u0103\u0163\u0103m\u00e2nt bazat pe excelen\u0163\u0103,\u00a0 \u00een care atragerea, dezvoltarea \u015fi promovarea valorilor \u015ftiin\u0163ifice \u015fi didactice primeaz\u0103.<\/p>\n<\/blockquote>\n<\/div>\n<\/div><\/div><\/div><div id=\"pgc-16-0-1\"  class=\"panel-grid-cell\" ><div id=\"panel-16-0-1-0\" class=\"so-panel widget widget_sow-image panel-first-child panel-last-child\" data-index=\"1\" ><div\n\t\t\t\n\t\t\tclass=\"so-widget-sow-image so-widget-sow-image-default-c67d20f9f743-16\"\n\t\t\t\n\t\t>\n\n<div class=\"sow-image-container\">\n\t\t<img loading=\"lazy\" decoding=\"async\" src=\"https:\/\/buss.ase.ro\/wp-content\/uploads\/rawpixel-558596-unsplash.jpg\" width=\"5515\" height=\"3983\" srcset=\"https:\/\/buss.ase.ro\/wp-content\/uploads\/rawpixel-558596-unsplash.jpg 5515w, https:\/\/buss.ase.ro\/wp-content\/uploads\/rawpixel-558596-unsplash-300x217.jpg 300w, https:\/\/buss.ase.ro\/wp-content\/uploads\/rawpixel-558596-unsplash-768x555.jpg 768w, https:\/\/buss.ase.ro\/wp-content\/uploads\/rawpixel-558596-unsplash-1024x740.jpg 1024w\" sizes=\"auto, (max-width: 5515px) 100vw, 5515px\" alt=\"\" \t\tclass=\"so-widget-image\"\/>\n\t<\/div>\n\n<\/div><\/div><\/div><\/div><div id=\"pg-16-1\"  class=\"panel-grid panel-no-style\" ><div id=\"pgc-16-1-0\"  class=\"panel-grid-cell\" ><div id=\"panel-16-1-0-0\" class=\"so-panel widget widget_sow-testimonials panel-first-child panel-last-child\" data-index=\"2\" ><div\n\t\t\t\n\t\t\tclass=\"so-widget-sow-testimonials so-widget-sow-testimonials-default-b353c6cd8634-16\"\n\t\t\t\n\t\t><div class=\"sow-testimonials\">\n\t\t\t\t\t<div class=\"sow-testimonial-wrapper sow-user-left sow-layout-side\">\n\t\t\t<div class=\"sow-testimonial\">\n\t\t\t\t\n\t\t\t\t<div class=\"sow-testimonial-user\">\n\t\t\t\t\t\t\t\t\t\t<div class=\"sow-image-wrapper sow-image-wrapper-shape-round\">\n\t\t\t\t\t\t\t\t\t\t\t\t<div class=\"sow-round-image-frame\" style=\"background-image: url( https:\/\/buss.ase.ro\/wp-content\/uploads\/cla_buss_test1.jpg );\"><\/div>\t\t\t\t\t\t\t\t\t\t\t<\/div>\n\t\t\t\t\t\n\t\t\t\t\t<div class=\"sow-text\">\n\t\t\t\t\t\t\t\t\t\t\t\t\t<span class=\"sow-testimonial-name\"><strong>Costi\u0219or Laura Andra - \u0219ef\u0103 promo\u021bie 2020<\/strong><\/span>\n\t\t\t\t\t\t\t\t\t\t\t\t\t\t\t\t\t\t\t\t\t\t\t\t\t\t\t\t\t<\/div>\n\t\t\t\t<\/div>\n\n\t\t\t\t\t\t\t\t\t<div class=\"sow-testimonial-text\">\n\t\t\t\t\t\t<pre>\"Facultatea de Business \u0219i Turism asigur\u0103 o baz\u0103 pentru \u00een\u021belegerea modului \u00een care se desf\u0103\u0219oar\u0103 activitatea unei companii din punct de vedere teoretic \u0219i, \u00een acela\u0219i timp, ajut\u0103 \u0219i la crearea unor leg\u0103turi cu mediul de afaceri, prin intermediul conferin\u021belor \u0219i stagiilor de practic\u0103, exemple ce dovedesc voin\u021ba profesorilor de a facilita \u00eent\u00e2lnirile dintre studen\u021bi \u0219i oamenii de afaceri. Programul de masterat Business, prin planul de \u00eenv\u0103\u021b\u0103m\u00e2nt abordat, reu\u0219e\u0219te s\u0103 prezinte \u00eentr-un mod atractiv aspectele asociate administr\u0103rii afacerilor, iar cadrele didactice sunt dornice s\u0103 ofere informa\u021bii suplimentare celor care-\u0219i doresc s\u0103 aprofundeze anumite discipline. Perseveren\u021ba \u0219i con\u0219tiinciozitatea m-au ajutat s\u0103 devin \u0219ef de promo\u021bie, iar \u00eentreaga experien\u021b\u0103 din cadrul Academiei de Studii Economice din Bucure\u0219ti m\u0103 determin\u0103 s\u0103 recomand aceast\u0103 institu\u021bie de \u00eenv\u0103\u021b\u0103m\u00e2nt celor care \u021bintesc excelen\u021ba \u00een educa\u021bie.\"<\/pre>\n\t\t\t\t\t<\/div>\n\t\t\t\t\t\t\t<\/div>\n\t\t<\/div>\n\t<\/div>\n<\/div><\/div><\/div><\/div><div id=\"pg-16-2\"  class=\"panel-grid panel-no-style\" ><div id=\"pgc-16-2-0\"  class=\"panel-grid-cell panel-grid-cell-empty\" ><\/div><\/div><\/div>","protected":false},"excerpt":{"rendered":"<p>Programul de Masterat Business Prin misiunea asumat\u0103 &#8211; Programul de masterat\u00a0\u00a0BUSINESS se concentreaz\u0103, ca arie tematic\u0103, pe discipline subsumate administr\u0103rii afacerilor. Menirea programului este aceea de a contribui la formarea \u015fi perfec\u0163ionarea resurselor umane \u00eenalt calificate \u00een domeniul administr\u0103rii afacerilor,<\/p>\n","protected":false},"author":1,"featured_media":0,"parent":0,"menu_order":0,"comment_status":"closed","ping_status":"closed","template":"","meta":{"footnotes":""},"class_list":["post-16","page","type-page","status-publish","hentry"],"_links":{"self":[{"href":"https:\/\/buss.ase.ro\/index.php\/wp-json\/wp\/v2\/pages\/16","targetHints":{"allow":["GET"]}}],"collection":[{"href":"https:\/\/buss.ase.ro\/index.php\/wp-json\/wp\/v2\/pages"}],"about":[{"href":"https:\/\/buss.ase.ro\/index.php\/wp-json\/wp\/v2\/types\/page"}],"author":[{"embeddable":true,"href":"https:\/\/buss.ase.ro\/index.php\/wp-json\/wp\/v2\/users\/1"}],"replies":[{"embeddable":true,"href":"https:\/\/buss.ase.ro\/index.php\/wp-json\/wp\/v2\/comments?post=16"}],"version-history":[{"count":15,"href":"https:\/\/buss.ase.ro\/index.php\/wp-json\/wp\/v2\/pages\/16\/revisions"}],"predecessor-version":[{"id":318,"href":"https:\/\/buss.ase.ro\/index.php\/wp-json\/wp\/v2\/pages\/16\/revisions\/318"}],"wp:attachment":[{"href":"https:\/\/buss.ase.ro\/index.php\/wp-json\/wp\/v2\/media?parent=16"}],"curies":[{"name":"wp","href":"https:\/\/api.w.org\/{rel}","templated":true}]}}